{"id":6324,"date":"2022-10-18T18:14:10","date_gmt":"2022-10-18T18:14:10","guid":{"rendered":"https:\/\/couvreplanchersloiselle.com\/our-products\/outback\/"},"modified":"2022-10-18T18:14:10","modified_gmt":"2022-10-18T18:14:10","slug":"outback","status":"publish","type":"product","link":"https:\/\/couvreplanchersloiselle.com\/en\/our-products\/outback\/","title":{"rendered":"Outback"},"content":{"rendered":"","protected":false},"excerpt":{"rendered":"<pre id=\"tw-target-text\" class=\"tw-data-text tw-text-large tw-ta\" dir=\"ltr\" data-placeholder=\"Traduction\"><span class=\"Y2IQFc\" lang=\"fr\">HydroGen 6 de Biyork Canada offre une \u00e9paisseur globale essentielle de 6 mm, donnant au sol une grande stabilit\u00e9, durabilit\u00e9 et confort avec notre coussin UnderTone ultra silencieux et ultra silencieux.\nLa beaut\u00e9 que vous pouvez ressentir.<\/span><\/pre>\n","protected":false},"featured_media":3574,"comment_status":"open","ping_status":"closed","template":"","meta":[],"product_brand":[],"product_cat":[355],"product_tag":[],"class_list":{"0":"post-6324","1":"product","2":"type-product","3":"status-publish","4":"has-post-thumbnail","6":"product_cat-plank-vinyl","8":"first","9":"instock","10":"shipping-taxable","11":"product-type-simple"},"_links":{"self":[{"href":"https:\/\/couvreplanchersloiselle.com\/en\/wp-json\/wp\/v2\/product\/6324","targetHints":{"allow":["GET"]}}],"collection":[{"href":"https:\/\/couvreplanchersloiselle.com\/en\/wp-json\/wp\/v2\/product"}],"about":[{"href":"https:\/\/couvreplanchersloiselle.com\/en\/wp-json\/wp\/v2\/types\/product"}],"replies":[{"embeddable":true,"href":"https:\/\/couvreplanchersloiselle.com\/en\/wp-json\/wp\/v2\/comments?post=6324"}],"version-history":[{"count":0,"href":"https:\/\/couvreplanchersloiselle.com\/en\/wp-json\/wp\/v2\/product\/6324\/revisions"}],"wp:featuredmedia":[{"embeddable":true,"href":"https:\/\/couvreplanchersloiselle.com\/en\/wp-json\/wp\/v2\/media\/3574"}],"wp:attachment":[{"href":"https:\/\/couvreplanchersloiselle.com\/en\/wp-json\/wp\/v2\/media?parent=6324"}],"wp:term":[{"taxonomy":"product_brand","embeddable":true,"href":"https:\/\/couvreplanchersloiselle.com\/en\/wp-json\/wp\/v2\/product_brand?post=6324"},{"taxonomy":"product_cat","embeddable":true,"href":"https:\/\/couvreplanchersloiselle.com\/en\/wp-json\/wp\/v2\/product_cat?post=6324"},{"taxonomy":"product_tag","embeddable":true,"href":"https:\/\/couvreplanchersloiselle.com\/en\/wp-json\/wp\/v2\/product_tag?post=6324"}],"curies":[{"name":"wp","href":"https:\/\/api.w.org\/{rel}","templated":true}]}}