{"id":6109,"date":"2023-12-11T21:02:16","date_gmt":"2023-12-11T21:02:16","guid":{"rendered":"https:\/\/couvreplanchersloiselle.com\/our-products\/easy-living-rich-onyx-grey\/"},"modified":"2023-12-11T21:02:16","modified_gmt":"2023-12-11T21:02:16","slug":"easy-living-rich-onyx-grey","status":"publish","type":"product","link":"https:\/\/couvreplanchersloiselle.com\/en\/our-products\/easy-living-rich-onyx-grey\/","title":{"rendered":"Easy Living &#8211; Rich Onyx Grey"},"content":{"rendered":"<div class=\"card__info\">\n<div class=\"card__info\"><span class=\"card__info--key\">Usage: <\/span><span class=\"card__info--value\">Residential<\/span><\/div>\n<div class=\"card__info\"><span class=\"card__info--key\">Thickness: <\/span><span class=\"card__info--value\">2.5<\/span><\/div>\n<div class=\"card__info\"><span class=\"card__info--key\">Pattern: <\/span><span class=\"card__info--value\">Brick, Ceramic, Stone, Wood<\/span><\/div>\n<div class=\"card__info\"><span class=\"card__info--key\">Wear layer: <\/span><span class=\"card__info--value\">0.35<\/span><\/div>\n<div class=\"card__info\"><span class=\"card__info--key\">Type of installation: <\/span><span class=\"card__info--value\">Full membership<\/span><\/div>\n<div class=\"card__info\"><span class=\"card__info--key\">Manufacturer: <\/span><span class=\"card__info--value\">Tarkett<\/span><\/div>\n<\/div>\n","protected":false},"excerpt":{"rendered":"<pre id=\"tw-target-text\" class=\"tw-data-text tw-text-large tw-ta\" dir=\"ltr\" data-placeholder=\"Traduction\"><span class=\"Y2IQFc\" lang=\"fr\">Chaud, silencieux et confortable, EasyLiving\u2122 FiberFloor\u00ae r\u00e9siste \u00e0 l'usure quotidienne gr\u00e2ce \u00e0 sa durabilit\u00e9 sup\u00e9rieure. Les qualit\u00e9s d'indentation et de r\u00e9sistance \u00e0 l'humidit\u00e9 d'EasyLiving le rendent id\u00e9al pour les salles de bains, les buanderies et les cuisines. R\u00e9sistant aux taches et facile \u00e0 nettoyer, EasyLiving est le choix parfait pour les maisons avec des animaux domestiques.<\/span><\/pre>\n","protected":false},"featured_media":4890,"comment_status":"open","ping_status":"closed","template":"","meta":[],"product_brand":[],"product_cat":[348],"product_tag":[],"class_list":{"0":"post-6109","1":"product","2":"type-product","3":"status-publish","4":"has-post-thumbnail","6":"product_cat-sheet-vinyl","8":"first","9":"instock","10":"shipping-taxable","11":"product-type-simple"},"_links":{"self":[{"href":"https:\/\/couvreplanchersloiselle.com\/en\/wp-json\/wp\/v2\/product\/6109","targetHints":{"allow":["GET"]}}],"collection":[{"href":"https:\/\/couvreplanchersloiselle.com\/en\/wp-json\/wp\/v2\/product"}],"about":[{"href":"https:\/\/couvreplanchersloiselle.com\/en\/wp-json\/wp\/v2\/types\/product"}],"replies":[{"embeddable":true,"href":"https:\/\/couvreplanchersloiselle.com\/en\/wp-json\/wp\/v2\/comments?post=6109"}],"version-history":[{"count":0,"href":"https:\/\/couvreplanchersloiselle.com\/en\/wp-json\/wp\/v2\/product\/6109\/revisions"}],"wp:featuredmedia":[{"embeddable":true,"href":"https:\/\/couvreplanchersloiselle.com\/en\/wp-json\/wp\/v2\/media\/4890"}],"wp:attachment":[{"href":"https:\/\/couvreplanchersloiselle.com\/en\/wp-json\/wp\/v2\/media?parent=6109"}],"wp:term":[{"taxonomy":"product_brand","embeddable":true,"href":"https:\/\/couvreplanchersloiselle.com\/en\/wp-json\/wp\/v2\/product_brand?post=6109"},{"taxonomy":"product_cat","embeddable":true,"href":"https:\/\/couvreplanchersloiselle.com\/en\/wp-json\/wp\/v2\/product_cat?post=6109"},{"taxonomy":"product_tag","embeddable":true,"href":"https:\/\/couvreplanchersloiselle.com\/en\/wp-json\/wp\/v2\/product_tag?post=6109"}],"curies":[{"name":"wp","href":"https:\/\/api.w.org\/{rel}","templated":true}]}}